{"id":11,"date":"2018-11-13T11:56:09","date_gmt":"2018-11-13T11:56:09","guid":{"rendered":"http:\/\/bihlmaier-tcm.de.w01aca8c.kasserver.com\/?page_id=11"},"modified":"2025-10-04T16:57:43","modified_gmt":"2025-10-04T16:57:43","slug":"startseite","status":"publish","type":"page","link":"https:\/\/bihlmaier-tcm.de\/","title":{"rendered":"Startseite"},"content":{"rendered":"\n<h1 class=\"wp-block-heading\">NaturheilKraftLeben<\/h1>\n\n\n\n<p>Herzlich willkommen in der Ruhe-ausstrahlenden Atmosph\u00e4re eines traditionsreichen Hauses, umgeben von alten B\u00e4umen, n\u00fctze ich die Kraft der Natur bei der begleitenden Behandlung schwerer \/ chronischer Erkrankungen.<\/p>\n\n\n\n<p>Schwerpunkte sind Traditionell Europ\u00e4ische und Traditionell Chinesische Medizin mit Pflanzenheilkunde, Ern\u00e4hrung, Akupunktur, Psychosomatik, wohltuend- gesundheitsf\u00f6rdernde Lebensweise, Good-Aging.<\/p>\n\n\n\n<div class=\"wp-block-media-text is-stacked-on-mobile\" style=\"grid-template-columns:32% auto\"><figure class=\"wp-block-media-text__media\"><img loading=\"lazy\" decoding=\"async\" width=\"768\" height=\"1024\" src=\"https:\/\/bihlmaier-tcm.de\/wp-content\/uploads\/2025\/08\/IMG_E5287-768x1024.jpg\" alt=\"\" class=\"wp-image-544 size-full\" srcset=\"https:\/\/bihlmaier-tcm.de\/wp-content\/uploads\/2025\/08\/IMG_E5287-768x1024.jpg 768w, https:\/\/bihlmaier-tcm.de\/wp-content\/uploads\/2025\/08\/IMG_E5287-225x300.jpg 225w, https:\/\/bihlmaier-tcm.de\/wp-content\/uploads\/2025\/08\/IMG_E5287-1152x1536.jpg 1152w, https:\/\/bihlmaier-tcm.de\/wp-content\/uploads\/2025\/08\/IMG_E5287-1536x2048.jpg 1536w, https:\/\/bihlmaier-tcm.de\/wp-content\/uploads\/2025\/08\/IMG_E5287-scaled.jpg 1920w\" sizes=\"(max-width: 768px) 100vw, 768px\" \/><\/figure><div class=\"wp-block-media-text__content\">\n<p><strong>Praxis f\u00fcr:<\/strong><\/p>\n\n\n\n<ul>\n<li>Naturheilmedizinische Therapie und Beratung bei chronischen Erkrankungen<\/li>\n\n\n\n<li>Integrativ-komplement\u00e4rmedizinische Begleitung bei Krebserkrankung<\/li>\n\n\n\n<li>Zweitmeinungsberatung f\u00fcr erg\u00e4nzende Naturheilverfahren<\/li>\n<\/ul>\n<\/div><\/div>\n","protected":false},"excerpt":{"rendered":"<p>NaturheilKraftLeben Herzlich willkommen in der Ruhe-ausstrahlenden Atmosph\u00e4re eines traditionsreichen Hauses, umgeben von alten B\u00e4umen, n\u00fctze ich die Kraft der Natur bei der begleitenden Behandlung schwerer \/ chronischer Erkrankungen. Schwerpunkte sind&hellip;<\/p>\n","protected":false},"author":1,"featured_media":0,"parent":0,"menu_order":0,"comment_status":"closed","ping_status":"closed","template":"","meta":{"footnotes":""},"_links":{"self":[{"href":"https:\/\/bihlmaier-tcm.de\/index.php?rest_route=\/wp\/v2\/pages\/11"}],"collection":[{"href":"https:\/\/bihlmaier-tcm.de\/index.php?rest_route=\/wp\/v2\/pages"}],"about":[{"href":"https:\/\/bihlmaier-tcm.de\/index.php?rest_route=\/wp\/v2\/types\/page"}],"author":[{"embeddable":true,"href":"https:\/\/bihlmaier-tcm.de\/index.php?rest_route=\/wp\/v2\/users\/1"}],"replies":[{"embeddable":true,"href":"https:\/\/bihlmaier-tcm.de\/index.php?rest_route=%2Fwp%2Fv2%2Fcomments&post=11"}],"version-history":[{"count":11,"href":"https:\/\/bihlmaier-tcm.de\/index.php?rest_route=\/wp\/v2\/pages\/11\/revisions"}],"predecessor-version":[{"id":592,"href":"https:\/\/bihlmaier-tcm.de\/index.php?rest_route=\/wp\/v2\/pages\/11\/revisions\/592"}],"wp:attachment":[{"href":"https:\/\/bihlmaier-tcm.de\/index.php?rest_route=%2Fwp%2Fv2%2Fmedia&parent=11"}],"curies":[{"name":"wp","href":"https:\/\/api.w.org\/{rel}","templated":true}]}}