{"id":18,"date":"2018-11-13T12:02:00","date_gmt":"2018-11-13T12:02:00","guid":{"rendered":"http:\/\/bihlmaier-tcm.de.w01aca8c.kasserver.com\/?page_id=18"},"modified":"2025-10-04T18:18:26","modified_gmt":"2025-10-04T18:18:26","slug":"praxisschwerpunkte","status":"publish","type":"page","link":"https:\/\/bihlmaier-tcm.de\/?page_id=18","title":{"rendered":"Digitales n\u00fctzen, analog behandeln"},"content":{"rendered":"\n<p>Unsere heutige digitale Welt sch\u00fcttet ein wahres F\u00fcllhorn an Informationen aus, wenn erkrankte Menschen im Netz auf die Suche gehen. Trotz Wissens-Seiten, K\u00fcnstlicher Intelligenz und Medfluencern ergibt sich aus dem Berg von Gefundenem oft die Frage:<br>Und was von alledem hilft bei mir pers\u00f6nlich? Welche Therapien erg\u00e4nzen sich und welche blockieren sich eventuell sogar oder st\u00f6ren eine Klinik-Therapie? Muss ich alles kaufen und nehmen, was mir das Internet empfiehlt?<br>Zudem, so unterschiedlich, wie wir Menschen sind, so unterschiedlich k\u00f6nnen Symptome derselben Erkrankung bei Einzelnen ausfallen. Nicht bei jeder Person mit der gleichen Erkrankung helfen dieselben Therapien.<br>Individuelle Hilfe gibt es nicht aus dem Gro\u00dflager des Internets, sondern durch pers\u00f6nliches Zuh\u00f6ren, durch umsichtiges und empathisches Anpassen an das Individuum, an die aktuelle Erkrankungs- und Lebenssituation.<\/p>\n\n\n\n<div class=\"wp-block-columns is-layout-flex wp-container-core-columns-is-layout-1 wp-block-columns-is-layout-flex\">\n<div class=\"wp-block-column is-layout-flow wp-block-column-is-layout-flow\" style=\"flex-basis:25%\">\n<figure class=\"wp-block-image size-large is-resized\"><img loading=\"lazy\" decoding=\"async\" width=\"768\" height=\"1024\" src=\"https:\/\/bihlmaier-tcm.de\/wp-content\/uploads\/2025\/10\/IMG_E5446-768x1024.jpg\" alt=\"\" class=\"wp-image-595\" style=\"width:209px;height:auto\" srcset=\"https:\/\/bihlmaier-tcm.de\/wp-content\/uploads\/2025\/10\/IMG_E5446-768x1024.jpg 768w, https:\/\/bihlmaier-tcm.de\/wp-content\/uploads\/2025\/10\/IMG_E5446-225x300.jpg 225w, https:\/\/bihlmaier-tcm.de\/wp-content\/uploads\/2025\/10\/IMG_E5446-1152x1536.jpg 1152w, https:\/\/bihlmaier-tcm.de\/wp-content\/uploads\/2025\/10\/IMG_E5446-1536x2048.jpg 1536w, https:\/\/bihlmaier-tcm.de\/wp-content\/uploads\/2025\/10\/IMG_E5446-scaled.jpg 1920w\" sizes=\"(max-width: 768px) 100vw, 768px\" \/><\/figure>\n<\/div>\n\n\n\n<div class=\"wp-block-column is-layout-flow wp-block-column-is-layout-flow\" style=\"flex-basis:44%\">\n<figure class=\"wp-block-image size-large is-resized\"><img loading=\"lazy\" decoding=\"async\" width=\"1024\" height=\"768\" src=\"https:\/\/bihlmaier-tcm.de\/wp-content\/uploads\/2025\/10\/IMG_E5448-1024x768.jpg\" alt=\"\" class=\"wp-image-597\" style=\"width:369px;height:auto\" srcset=\"https:\/\/bihlmaier-tcm.de\/wp-content\/uploads\/2025\/10\/IMG_E5448-1024x768.jpg 1024w, https:\/\/bihlmaier-tcm.de\/wp-content\/uploads\/2025\/10\/IMG_E5448-300x225.jpg 300w, https:\/\/bihlmaier-tcm.de\/wp-content\/uploads\/2025\/10\/IMG_E5448-768x576.jpg 768w, https:\/\/bihlmaier-tcm.de\/wp-content\/uploads\/2025\/10\/IMG_E5448-1536x1152.jpg 1536w, https:\/\/bihlmaier-tcm.de\/wp-content\/uploads\/2025\/10\/IMG_E5448-2048x1536.jpg 2048w\" sizes=\"(max-width: 1024px) 100vw, 1024px\" \/><\/figure>\n<\/div>\n\n\n\n<div class=\"wp-block-column is-layout-flow wp-block-column-is-layout-flow\" style=\"flex-basis:25%\">\n<figure class=\"wp-block-image size-large is-resized\"><img loading=\"lazy\" decoding=\"async\" width=\"768\" height=\"1024\" src=\"https:\/\/bihlmaier-tcm.de\/wp-content\/uploads\/2025\/10\/IMG_E5684-768x1024.jpg\" alt=\"\" class=\"wp-image-598\" style=\"width:209px;height:auto\" srcset=\"https:\/\/bihlmaier-tcm.de\/wp-content\/uploads\/2025\/10\/IMG_E5684-768x1024.jpg 768w, https:\/\/bihlmaier-tcm.de\/wp-content\/uploads\/2025\/10\/IMG_E5684-225x300.jpg 225w, https:\/\/bihlmaier-tcm.de\/wp-content\/uploads\/2025\/10\/IMG_E5684-1152x1536.jpg 1152w, https:\/\/bihlmaier-tcm.de\/wp-content\/uploads\/2025\/10\/IMG_E5684-1536x2048.jpg 1536w, https:\/\/bihlmaier-tcm.de\/wp-content\/uploads\/2025\/10\/IMG_E5684-scaled.jpg 1920w\" sizes=\"(max-width: 768px) 100vw, 768px\" \/><\/figure>\n<\/div>\n<\/div>\n\n\n\n<h1 class=\"wp-block-heading\">Wof\u00fcr Natur- bzw. Erfahrungsheilkunde?<\/h1>\n\n\n\n<p>Unsere junge Universit\u00e4tsmedizin bietet eine hervorragende Apparate-Diagnostik.<br>Bei vielen chronischen Erkrankungen jedoch w\u00fcnschen sich Betroffene mehr als die teils oft nebenwirkungstr\u00e4chtigen Therapieangebote. Immer mehr Menschen m\u00f6chten aktiv mitwirken auf dem Weg zur Linderung, zur Heilung.<br>Auch zeigen immer mehr gro\u00dfe internationale Studien, wie wirkungsvoll eine gesundheitsaktive Ern\u00e4hrung sein kann &#8211; und doch ist die Ern\u00e4hrung bis heute kein Bestandteil des Medizinstudiums.<br>In westlicher wie \u00f6stlicher Naturheilkunde hingegen steht eine ma\u00dfgeschneiderte Ern\u00e4hrung an erster Stelle einer Therapie &#8211; die umso besser schmeckt, je individueller sie zusammengestellt wird.<br>Stichworte World Cancer Report, Europ\u00e4ische Ern\u00e4hrungsstudie EPIC, T\u00fcBiom.<\/p>\n\n\n\n<h1 class=\"wp-block-heading\">Traditionell Chinesische Medizin, TCM<\/h1>\n\n\n\n<p>China bietet eine \u00fcber 3000 Jahre w\u00e4hrende Tradition der Erfahrungsheilkunde, d. h. nur das, was geholfen hat, wird weiter ben\u00fctzt. Ziel der TCM war und ist es, <strong>den ganzen Menschen wieder in ein Gleichgewicht zu bringen<\/strong>. Das entspricht unserer aktuellten Forschungsrichtung der Psycho-Neuro-Immunologie (Vernetzung von K\u00f6rper, Geist &amp; Seele, Nerven- und Immunsystem)<\/p>\n\n\n\n<p><strong>TCM unterst\u00fctzt \u2026<br><\/strong>1. bei <strong>funktionellen St\u00f6rungen<\/strong>, wie z. B. chronisches Ersch\u00f6pfungssyndrom, Reizdarm, Zyklusbeschwerden.<\/p>\n\n\n\n<p>2. zur <strong>Gesundheitsvorsorge<\/strong>: Multitasking und Multimedia kostet Energie. Die TCM f\u00f6rdert k\u00f6rperliche &amp; seelische Entspannung, Revitalisierung, Abwehrkraft-Steigerung, Good-Aging.<\/p>\n\n\n\n<p>3. <strong>begleitend<\/strong> bei <strong>Kinderwunsch<\/strong> oder schweren Erkrankungen wie z. B. Allergien, <strong>chronischen Entz\u00fcndungserkrankungen<\/strong> (Rheuma, M. Crohn, Colitis ulcerosa etc.) und auch besonders bei <strong>Krebserkrankungen<\/strong>.<\/p>\n\n\n\n<h1 class=\"wp-block-heading\">\u2028Ganzheitlich unterst\u00fctzen bei Krebs<\/h1>\n\n\n\n<p>Erg\u00e4nzend zu den konventionellen Standard-Krebstherapien erstelle ich je nach Tumor-Erkrankung, Tumor-Stadium und vor allem je nach Zustand des einzelnen Menschen ein individuelles Konzept. \u2028Zur Anwendung kommen z. B. Pflanzenheilkunde, Medizinalpilze, sinnvolle Nahrungserg\u00e4nzung, vorw\u00e4rtsschauende Gespr\u00e4che, individualisierte Ern\u00e4hrungsberatung, Akupunktur, Infrarot-Akupunktur-Therapie.<br>Stichworte Akupunktur bei Chemotherapie, Weltgesundheitsorganisation WHO, Weltkrebsbericht.<\/p>\n\n\n\n<h1 class=\"wp-block-heading\">\u2028Aufbauen &#8211; St\u00e4rken &#8211; Revitalisieren<\/h1>\n\n\n\n<p>Von Doppelbelastung bis schwere Erkrankung \u2013 die Naturheilkunde vermag ma\u00dfgeschneiderte Revitalisierung zu f\u00f6rdern f\u00fcr bessere Leistungsf\u00e4higkeit und Lebensqualit\u00e4t wie z.B. nach famili\u00e4r \/ beruflich kr\u00e4ftezehrenden Phasen, z. B. nach schwerer Geburt, bei Post-Covid, nach Krebs etc.<\/p>\n","protected":false},"excerpt":{"rendered":"<p>Unsere heutige digitale Welt sch\u00fcttet ein wahres F\u00fcllhorn an Informationen aus, wenn erkrankte Menschen im Netz auf die Suche gehen. Trotz Wissens-Seiten, K\u00fcnstlicher Intelligenz und Medfluencern ergibt sich aus dem&hellip;<\/p>\n","protected":false},"author":1,"featured_media":0,"parent":0,"menu_order":0,"comment_status":"closed","ping_status":"closed","template":"","meta":{"footnotes":""},"_links":{"self":[{"href":"https:\/\/bihlmaier-tcm.de\/index.php?rest_route=\/wp\/v2\/pages\/18"}],"collection":[{"href":"https:\/\/bihlmaier-tcm.de\/index.php?rest_route=\/wp\/v2\/pages"}],"about":[{"href":"https:\/\/bihlmaier-tcm.de\/index.php?rest_route=\/wp\/v2\/types\/page"}],"author":[{"embeddable":true,"href":"https:\/\/bihlmaier-tcm.de\/index.php?rest_route=\/wp\/v2\/users\/1"}],"replies":[{"embeddable":true,"href":"https:\/\/bihlmaier-tcm.de\/index.php?rest_route=%2Fwp%2Fv2%2Fcomments&post=18"}],"version-history":[{"count":13,"href":"https:\/\/bihlmaier-tcm.de\/index.php?rest_route=\/wp\/v2\/pages\/18\/revisions"}],"predecessor-version":[{"id":605,"href":"https:\/\/bihlmaier-tcm.de\/index.php?rest_route=\/wp\/v2\/pages\/18\/revisions\/605"}],"wp:attachment":[{"href":"https:\/\/bihlmaier-tcm.de\/index.php?rest_route=%2Fwp%2Fv2%2Fmedia&parent=18"}],"curies":[{"name":"wp","href":"https:\/\/api.w.org\/{rel}","templated":true}]}}