{"id":30,"date":"2018-11-13T12:11:37","date_gmt":"2018-11-13T12:11:37","guid":{"rendered":"http:\/\/bihlmaier-tcm.de.w01aca8c.kasserver.com\/?page_id=30"},"modified":"2025-08-31T13:04:02","modified_gmt":"2025-08-31T13:04:02","slug":"therapie-optionen","status":"publish","type":"page","link":"https:\/\/bihlmaier-tcm.de\/?page_id=30","title":{"rendered":"Therapie-Angebote"},"content":{"rendered":"\n<h1 class=\"wp-block-heading\">Individual-therapeutisches Ambiente<\/h1>\n\n\n\n<p>F\u00fcr das Akupunktur-Ambiente k\u00f6nnen Sie zwischen zwei Farbharmonien w\u00e4hlen, die sich durch Ihre therapeutische Wirkung unterscheiden:<\/p>\n\n\n\n<ul>\n<li>Entspannend-erfrischendes Gr\u00fcn<\/li>\n\n\n\n<li>Energetisierend-vitalisierendes Rot<\/li>\n<\/ul>\n\n\n\n<h1 class=\"wp-block-heading\">Warum <em>Klassische<\/em> Akupunktur?<\/h1>\n\n\n\n<p>Werden die Akupunktur-Punkte nach einer Chinesischen Diagnose ausgesucht und exakt gefunden, wird laut wissenschaftlicher Untersuchung ca. 1\/3 mehr an Wirkung erzielt als bei schematischer \u201eKoch-Rezepte Akupunktur\u201c. Den Einpiekser nehmen Sie dank hauchfeiner N\u00e4delchen kaum wahr. Danach k\u00f6nnen Sie \u2013 bei korrekter TCM-Akupunktur \u2013 das sogenannte \u201eDe-Qi-Gef\u00fchl\u201c versp\u00fcren, ein dumpfes Dr\u00fccken, ein Kribbeln oder ein W\u00e4rmegef\u00fchl.<\/p>\n\n\n\n<figure class=\"wp-block-image size-large is-resized\"><img loading=\"lazy\" decoding=\"async\" width=\"1024\" height=\"574\" src=\"https:\/\/bihlmaier-tcm.de\/wp-content\/uploads\/2025\/08\/EX-KH5-komplett-1024x574.jpg\" alt=\"\" class=\"wp-image-542\" style=\"width:439px;height:auto\" srcset=\"https:\/\/bihlmaier-tcm.de\/wp-content\/uploads\/2025\/08\/EX-KH5-komplett-1024x574.jpg 1024w, https:\/\/bihlmaier-tcm.de\/wp-content\/uploads\/2025\/08\/EX-KH5-komplett-300x168.jpg 300w, https:\/\/bihlmaier-tcm.de\/wp-content\/uploads\/2025\/08\/EX-KH5-komplett-768x431.jpg 768w, https:\/\/bihlmaier-tcm.de\/wp-content\/uploads\/2025\/08\/EX-KH5-komplett-1536x861.jpg 1536w, https:\/\/bihlmaier-tcm.de\/wp-content\/uploads\/2025\/08\/EX-KH5-komplett.jpg 1994w\" sizes=\"(max-width: 1024px) 100vw, 1024px\" \/><\/figure>\n\n\n\n<h1 class=\"wp-block-heading\">Infratrot-Akupunkturpunkt-Therapie<\/h1>\n\n\n\n<p>Mit einem Infrarot-Pen kann ich an ausgew\u00e4hlten Akupunktur-Punkten oder ausgew\u00e4hlten Meridianen energiereiche Infrarotw\u00e4rme zuf\u00fchren, <u>z.B.<\/u> bei Kinderwunsch oder bei Ersch\u00f6pfung.<\/p>\n\n\n\n<h1 class=\"wp-block-heading\">Ohr-Akupunktur<\/h1>\n\n\n\n<p>Die Ohr-Akupunktur stammt wahrscheinlich aus dem Orient und wurde von dem franz\u00f6sischen Arzt Paul Nogier aufgegriffen und aufgearbeitet. Ohr-Akupunktur unterst\u00fctzt <u>z. B.<\/u> bei Gelenkschmerzen, bei Reizdarm, bei Kinderwunsch etc. und vertieft die Entspannung.<\/p>\n\n\n\n<h1 class=\"wp-block-heading\">\u2028\u2028Weltweite Heilkr\u00e4uter<\/h1>\n\n\n\n<p>In der Europ\u00e4ischen Pflanzenheilkunde ist viel Wissen auf dem Scheiterhaufen verloren gegangen. In China werden Heilkr\u00e4uter ohne Unterbrechung seit \u00fcber 2000 Jahren angewendet, gepr\u00fcft und erweitert. Wo immer m\u00f6glich, arbeite ich zun\u00e4chst mit westlichen Heilkr\u00e4utern, um bei Bedarf mit chinesischen Heilkr\u00e4uter-Granulaten erg\u00e4nzen zu k\u00f6nnen. \u2028Essentiell f\u00fcr wirksame <em>und<\/em> gut vertr\u00e4gliche Hilfe sind der zertifizierte Apotheker-Vertrieb qualit\u00e4tsgepr\u00fcfter Kr\u00e4uter und eine fundierte Ausbildung des Therapeuten.<\/p>\n\n\n\n<figure class=\"wp-block-image size-large is-resized\"><img loading=\"lazy\" decoding=\"async\" width=\"1024\" height=\"683\" src=\"https:\/\/bihlmaier-tcm.de\/wp-content\/uploads\/2025\/08\/P1130742-1024x683.jpg\" alt=\"\" class=\"wp-image-561\" style=\"width:379px;height:auto\" srcset=\"https:\/\/bihlmaier-tcm.de\/wp-content\/uploads\/2025\/08\/P1130742-1024x683.jpg 1024w, https:\/\/bihlmaier-tcm.de\/wp-content\/uploads\/2025\/08\/P1130742-300x200.jpg 300w, https:\/\/bihlmaier-tcm.de\/wp-content\/uploads\/2025\/08\/P1130742-768x512.jpg 768w, https:\/\/bihlmaier-tcm.de\/wp-content\/uploads\/2025\/08\/P1130742-1536x1024.jpg 1536w, https:\/\/bihlmaier-tcm.de\/wp-content\/uploads\/2025\/08\/P1130742-2048x1365.jpg 2048w\" sizes=\"(max-width: 1024px) 100vw, 1024px\" \/><\/figure>\n\n\n\n<h1 class=\"wp-block-heading\">Gesundheitsaktiver Genuss<\/h1>\n\n\n\n<p>\u201eWelche Ern\u00e4hrungsweise ist denn nun wirklich gesund?\u201c Gegen einseitige und kurzlebige Mode-Di\u00e4ten helfen erstens Erfahrungsheilkunde und zweitens gro\u00dfe, internationale, jahrelange Beobachtungsstudien wie z.B. EPIC, Nurses Health Study etc. In meiner Ern\u00e4hrungsberatung f\u00fchre ich westliches wie \u00f6stliches Erfahrungswissen und profunde Gro\u00dfstudien-Ergebnisse zusammen zu einem ma\u00dfgeschneiderten Ganzen. Denn: Auf Dauer funktioniert und \u00fcberzeugt nur, was sp\u00fcrbar guttut und vor allem: was schmeckt!<\/p>\n\n\n\n<figure class=\"wp-block-image size-large is-resized\"><img loading=\"lazy\" decoding=\"async\" width=\"790\" height=\"1024\" src=\"https:\/\/bihlmaier-tcm.de\/wp-content\/uploads\/2025\/08\/Kochen-mit-Gemuese-790x1024.jpg\" alt=\"\" class=\"wp-image-567\" style=\"width:261px;height:auto\" srcset=\"https:\/\/bihlmaier-tcm.de\/wp-content\/uploads\/2025\/08\/Kochen-mit-Gemuese-790x1024.jpg 790w, https:\/\/bihlmaier-tcm.de\/wp-content\/uploads\/2025\/08\/Kochen-mit-Gemuese-232x300.jpg 232w, https:\/\/bihlmaier-tcm.de\/wp-content\/uploads\/2025\/08\/Kochen-mit-Gemuese-768x995.jpg 768w, https:\/\/bihlmaier-tcm.de\/wp-content\/uploads\/2025\/08\/Kochen-mit-Gemuese-1186x1536.jpg 1186w, https:\/\/bihlmaier-tcm.de\/wp-content\/uploads\/2025\/08\/Kochen-mit-Gemuese-1581x2048.jpg 1581w, https:\/\/bihlmaier-tcm.de\/wp-content\/uploads\/2025\/08\/Kochen-mit-Gemuese-scaled.jpg 1976w\" sizes=\"(max-width: 790px) 100vw, 790px\" \/><\/figure>\n\n\n\n<h1 class=\"wp-block-heading\">NaturheilKraftLeben<\/h1>\n\n\n\n<p>Achtsamkeit, Mind-Body-Medicine, ora et labora &#8211; weltweit und zu allen Zeiten erkannten kluge Menschen von Laotse \u00fcber Hippokrates bis Hildegard von Bingen oder Paracelsus und Pfarrer Sebastian Kneipp wie wichtig, wie wertvoll und wie wundervoll eine harmonische Balance zwischen Arbeiten und Innehalten ist. Gemeinsam finden wir Ihren ganz pers\u00f6nlichen Weg, Ihre ganz pers\u00f6nlichen Kraftquellen und Ihre ganz pers\u00f6nlichen Ruhe-Oasen f\u00fcr sp\u00fcrbar mehr ganzheitliche Gesundheit und Wohlbefinden.<\/p>\n","protected":false},"excerpt":{"rendered":"<p>Individual-therapeutisches Ambiente F\u00fcr das Akupunktur-Ambiente k\u00f6nnen Sie zwischen zwei Farbharmonien w\u00e4hlen, die sich durch Ihre therapeutische Wirkung unterscheiden: Warum Klassische Akupunktur? Werden die Akupunktur-Punkte nach einer Chinesischen Diagnose ausgesucht und&hellip;<\/p>\n","protected":false},"author":1,"featured_media":0,"parent":0,"menu_order":0,"comment_status":"closed","ping_status":"closed","template":"","meta":{"footnotes":""},"_links":{"self":[{"href":"https:\/\/bihlmaier-tcm.de\/index.php?rest_route=\/wp\/v2\/pages\/30"}],"collection":[{"href":"https:\/\/bihlmaier-tcm.de\/index.php?rest_route=\/wp\/v2\/pages"}],"about":[{"href":"https:\/\/bihlmaier-tcm.de\/index.php?rest_route=\/wp\/v2\/types\/page"}],"author":[{"embeddable":true,"href":"https:\/\/bihlmaier-tcm.de\/index.php?rest_route=\/wp\/v2\/users\/1"}],"replies":[{"embeddable":true,"href":"https:\/\/bihlmaier-tcm.de\/index.php?rest_route=%2Fwp%2Fv2%2Fcomments&post=30"}],"version-history":[{"count":11,"href":"https:\/\/bihlmaier-tcm.de\/index.php?rest_route=\/wp\/v2\/pages\/30\/revisions"}],"predecessor-version":[{"id":571,"href":"https:\/\/bihlmaier-tcm.de\/index.php?rest_route=\/wp\/v2\/pages\/30\/revisions\/571"}],"wp:attachment":[{"href":"https:\/\/bihlmaier-tcm.de\/index.php?rest_route=%2Fwp%2Fv2%2Fmedia&parent=30"}],"curies":[{"name":"wp","href":"https:\/\/api.w.org\/{rel}","templated":true}]}}