{"id":35,"date":"2018-11-13T12:18:45","date_gmt":"2018-11-13T12:18:45","guid":{"rendered":"http:\/\/bihlmaier-tcm.de.w01aca8c.kasserver.com\/?page_id=35"},"modified":"2025-08-26T20:01:24","modified_gmt":"2025-08-26T20:01:24","slug":"dr-med-susanne-bihlmaier","status":"publish","type":"page","link":"https:\/\/bihlmaier-tcm.de\/?page_id=35","title":{"rendered":"Mein Weg zu westlicher und \u00f6stlicher Naturheilkunde"},"content":{"rendered":"<p><a href=\"https:\/\/bihlmaier-tcm.de\/wp-content\/uploads\/2025\/08\/IMG_E5287-scaled.jpg\"><img loading=\"lazy\" decoding=\"async\" class=\"alignnone size-medium wp-image-544\" src=\"https:\/\/bihlmaier-tcm.de\/wp-content\/uploads\/2025\/08\/IMG_E5287-225x300.jpg\" alt=\"\" width=\"225\" height=\"300\" srcset=\"https:\/\/bihlmaier-tcm.de\/wp-content\/uploads\/2025\/08\/IMG_E5287-225x300.jpg 225w, https:\/\/bihlmaier-tcm.de\/wp-content\/uploads\/2025\/08\/IMG_E5287-768x1024.jpg 768w, https:\/\/bihlmaier-tcm.de\/wp-content\/uploads\/2025\/08\/IMG_E5287-1152x1536.jpg 1152w, https:\/\/bihlmaier-tcm.de\/wp-content\/uploads\/2025\/08\/IMG_E5287-1536x2048.jpg 1536w, https:\/\/bihlmaier-tcm.de\/wp-content\/uploads\/2025\/08\/IMG_E5287-scaled.jpg 1920w\" sizes=\"(max-width: 225px) 100vw, 225px\" \/><\/a><\/p>\n<p>Dank meines Staatsexamens in Krankenpflege konnte ich mein Medizinstudium in Heidelberg mit Nachtwachen finanzieren. Als examinierte Pflegefachkraft wurde ich oft auf der Krebsstation eingesetzt, wo ich ausgerechnet an Silvester ein Schl\u00fcsselerlebnis hatte: eine Patientin, deren Krebs durch die Bauchdecke brach, fragte mich: \u201eWissen Sie noch etwas, was ich bei meinem Krebs tun kann\u201c? Das stimmte mich zuerst nachdenklich, dann wurde ich neugierig &#8211; und fand einen weiteren medizinischen Wissensschatz, au\u00dferhalb des Medizinstudiums: Schon ab dem 2. Semester begann ich an den Wochenenden parallel Naturheilkunde zu erlernen. Sp\u00e4ter, auf der Suche nach einer sinnvollen Doktorarbeit, wies mir ein weiteres Schl\u00fcsselerlebnis den Weg zu einer ganzheitlicheren Medizin: die erste Naturheilkunde-Ambulanz an einer Universit\u00e4ts-Frauenklinik vergab Dissertationen u. a. in Akupunktur. Dank meiner Doktormutter Professor Ingrid Gerhard kam zu meinem Medizinwissen die asiatische Erfahrungsheilkunde dazu und damit der Br\u00fcckenschlag zwischen Medizinkulturen. F\u00fcr meine Doktorarbeit erhielt ich einen Forschungspreis f\u00fcr das Verbinden von Universit\u00e4tsmedizin und \u201eAlternativmedizin\u201c.<\/p>\n<ul>\n<li><strong>\u00c4rztin Naturheilverfahren, Schwerpunkt Traditionell Chinesische Medizin, Naturheilkundlich erg\u00e4nzende Tumortherapie, <\/strong><\/li>\n<li>Examinierte Kinderkrankenschwester<\/li>\n<li>Studium der Humanmedizin in Heidelberg<\/li>\n<li>Parallel Weiterbildung in Naturheilverfahren und Chinesischer Medizin<\/li>\n<li>Seirin-<strong>Stiftungspreis f\u00fcr Nachwuchswissenschaftler <\/strong><\/li>\n<\/ul>\n<figure id=\"attachment_432\" aria-describedby=\"caption-attachment-432\" style=\"width: 354px\" class=\"wp-caption alignnone\"><img loading=\"lazy\" decoding=\"async\" class=\"size-full wp-image-432\" src=\"https:\/\/bihlmaier-tcm.de\/wp-content\/uploads\/2024\/07\/Seirin-Preisverleihung300klein.jpg\" alt=\"\" width=\"354\" height=\"254\" srcset=\"https:\/\/bihlmaier-tcm.de\/wp-content\/uploads\/2024\/07\/Seirin-Preisverleihung300klein.jpg 354w, https:\/\/bihlmaier-tcm.de\/wp-content\/uploads\/2024\/07\/Seirin-Preisverleihung300klein-300x215.jpg 300w\" sizes=\"(max-width: 354px) 100vw, 354px\" \/><figcaption id=\"caption-attachment-432\" class=\"wp-caption-text\">Verleihung des Seirin Stiftungspreises f\u00fcr Nachwuchswissenschaflter<\/figcaption><\/figure>\n<ul>\n<li>Assistenz\u00e4rztin in Reutlingen und Balingen<\/li>\n<li><strong>Nationale und internationale Vortragst\u00e4tigkeit, Dozentin f\u00fcr Naturheilverfahren, TCM und Akupunktur <\/strong><\/li>\n<li><strong>Aufbau Naturheilkundliche Sprechstunde am Brustzentrum Coburg<\/strong><\/li>\n<\/ul>\n<figure id=\"attachment_445\" aria-describedby=\"caption-attachment-445\" style=\"width: 300px\" class=\"wp-caption alignnone\"><a href=\"https:\/\/bihlmaier-tcm.de\/wp-content\/uploads\/2024\/08\/Brustzentrum-Coburg-gross-scaled.jpg\"><img loading=\"lazy\" decoding=\"async\" class=\"size-medium wp-image-445\" src=\"https:\/\/bihlmaier-tcm.de\/wp-content\/uploads\/2024\/08\/Brustzentrum-Coburg-gross-300x199.jpg\" alt=\"\" width=\"300\" height=\"199\" srcset=\"https:\/\/bihlmaier-tcm.de\/wp-content\/uploads\/2024\/08\/Brustzentrum-Coburg-gross-300x199.jpg 300w, https:\/\/bihlmaier-tcm.de\/wp-content\/uploads\/2024\/08\/Brustzentrum-Coburg-gross-1024x680.jpg 1024w, https:\/\/bihlmaier-tcm.de\/wp-content\/uploads\/2024\/08\/Brustzentrum-Coburg-gross-768x510.jpg 768w, https:\/\/bihlmaier-tcm.de\/wp-content\/uploads\/2024\/08\/Brustzentrum-Coburg-gross-1536x1021.jpg 1536w, https:\/\/bihlmaier-tcm.de\/wp-content\/uploads\/2024\/08\/Brustzentrum-Coburg-gross-2048x1361.jpg 2048w, https:\/\/bihlmaier-tcm.de\/wp-content\/uploads\/2024\/08\/Brustzentrum-Coburg-gross-530x350.jpg 530w\" sizes=\"(max-width: 300px) 100vw, 300px\" \/><\/a><figcaption id=\"caption-attachment-445\" class=\"wp-caption-text\">Unterricht am Patientenbett im Coburger Brustzentrum<\/figcaption><\/figure>\n<ul>\n<li><strong>Kooperationspartnerin Endometriose der Universit\u00e4ts-Frauenklinik T\u00fcbingen <\/strong><\/li>\n<li><strong>Lehrbuch- und Fachautorin<br \/><\/strong>&#8211; &#8222;Die Akupunktur&#8220;, Springer- und KVM-Verlag, 3. Auflage<br \/>&#8211; Koch- und Gesundheitsbuch &#8222;Tomatenrot und Drachengr\u00fcn&#8220;, H\u00e4decke-Verlag, 7. Auflage<br \/>&#8211; &#8222;Notfall-Apotheke aus und in der Natur&#8220;, H\u00e4decke-Verlag, 2. Auflage (englische Ausgabe in Arbeit)<\/li>\n<li><strong>s. a. unten, Ver\u00f6ffentlichungen <\/strong><\/li>\n<\/ul>\n<h1>Ganzheitsmedizinische Qualifikationen<\/h1>\n<ul>\n<li><strong>Zusatzqualifikation Naturheilverfahren<\/strong> mit Praktikum an der Veramed-Klinik Meschede<\/li>\n<li><strong>Vollausbildung (B-Diplom) Akupunktur \/ Chinesische Medizin<\/strong> bei SMS \u00a0(Societas Medicinae Sinensis) M\u00fcnchen, SAGA (Schweizerische \u00c4rztegesellschaft f\u00fcr Akupunktur), NIDM (Naturheilverfahren in der Medizin), Rot-Kreuz-Krankenhaus Hangzhou in China.<\/li>\n<li><strong>Geistliche Begleitung<\/strong> Di\u00f6zese Rottenburg<\/li>\n<li><strong>Ehe-Seelsorge-Ausbildung LISA <\/strong><\/li>\n<li><strong>Medizinische Hypnose<\/strong>, Curriculum WIT Wissenstransfer Universit\u00e4tsbund T\u00fcbingen, Professor Revensdorf, Milton Erickson Gesellschaft f\u00fcr Klinische Hypnose<\/li>\n<li><strong>Komplement\u00e4r-Onkologie bei der GfbK Heidelberg<\/strong><\/li>\n<li><strong>Therapiehund-Team, Europ\u00e4ischer Verband ESAT<\/strong><\/li>\n<\/ul>\n<h1>Zus\u00e4tzliche TCM- Weiterbildung <em>\u00fcber die TCM-Vollausbildung hinaus<\/em><\/h1>\n<ul>\n<li>Academy of Chinese Acupuncture, England<\/li>\n<li>DGTCM, Deutsche Gesellschaft f\u00fcr Traditionell Chinesische Medizin, Heidelberg<\/li>\n<li>Francois Ramakers, Akupunktur Pro Medico<\/li>\n<li>Chinese Medicine bei Giovanni Maciocia<\/li>\n<li>Sino-German Policlinic in Peking, China<\/li>\n<li>Guan An Men Krankenhauses f\u00fcr Traditionell Chinesische Medizin in Peking, China<\/li>\n<li>Societas Medicinae Sinensis M\u00fcnchen<\/li>\n<li>TCM Advance, Isny<\/li>\n<\/ul>\n<h1>Ver\u00f6ffentlichungen<\/h1>\n<ul>\n<li><strong>25 Jahre integrativ Bestes aus Ost und West, Interview mit Dr. Bihlmaier,<\/strong>\u00a0 Momentum 11\/2025<\/li>\n<li><strong>Chat oder g&#8217;schw\u00e4tzt, E-Doc oder Echt-Dog,<\/strong> Erstausgabe Naturheilkunde Wannweil &amp; Neckar-Alb e. V. 9\/2025<\/li>\n<li><strong>So fix und lecker geht festlich-gesund,<\/strong> Erstausgabe Naturheilkunde Wannweil &amp; Neckar-Alb e. V. 9\/2025<\/li>\n<li><strong>Fallbeispiel f\u00fcr Gr\u00fcne Medizin: Medicus Sylvestris &#8211; der Waldarzt,<\/strong> CoMed 7\/2025<\/li>\n<li><strong>Naturheilkunde bei Endometriose,<\/strong> CoMed 3\/2025<\/li>\n<li><strong>Komplement\u00e4r-onkologische Potenz von Medizinalpilzen,<\/strong> CoMed 11\/2024<\/li>\n<li><strong>Winterfit mit Naturheilkunde,<\/strong> Der Heilpraktiker 10\/2024<\/li>\n<li><strong>Entz\u00fcndungshemmende Ern\u00e4hrung, ma\u00dfgeschneidert mit TCM<\/strong>, Natur &amp; Heilen 1\/2024<\/li>\n<li><strong>Gr\u00fcne Naturheilkraft des Waldes<\/strong>, CoMed 1\/2024<\/li>\n<li><strong>Adventsgew\u00fcrzige Weihnachts-Mini-Muffins<\/strong>, Rezept in CoMed 12\/2023<\/li>\n<li><strong>\u00d6stliche Ern\u00e4hrungsweisheit bei und gegen Krebs<\/strong>, CoMed 9\/2023<\/li>\n<li><strong>Ern\u00e4hrung bei Endometriose und Brustkrebs &#8211; Teil 1 Sommer<\/strong>, <a href=\"https:\/\/www.netzwerk-frauengesundheit.com\/\" target=\"_blank\" rel=\"noopener noreferrer\">Netzwerk Frauengesundheit<\/a><\/li>\n<li><strong>Brustkrebs und Ern\u00e4hrung: Fakten und Genuss statt Dogmen und Di\u00e4t<\/strong>, Der Heilpraktiker, 7\/ 2023<\/li>\n<li><strong>Power-Picknick f\u00fcrs Immunsystem<\/strong>, Momentum 5\/2023, Zeitschrift des gemeinn\u00fctzigen Vereins Gesellschaft f\u00fcr biologische Krebsabwehr<\/li>\n<li><strong>Post-Covid: Revitalisieren mit Messer und Gabel?<\/strong>, Praxis Magazin 5\/2023<\/li>\n<li><strong>Schmerzen wegessen? East meets West<\/strong>, Der Heilpraktiker 5\/2023<\/li>\n<li><strong>\u00d6stliches Ern\u00e4hrungswissen und Ovarialkarzinom<\/strong>, DZO 4\/2023<\/li>\n<li><strong>Natur &amp; Genuss mit Power-Picknick<\/strong>, Momentum 2\/2023, Zeitschrift des gemeinn\u00fctzigen Vereins Gesellschaft f\u00fcr biologische Krebsabwehr<\/li>\n<li><strong>Bio-Brunch<\/strong>, Momentum 12\/2022, Zeitschrift des gemeinn\u00fctzigen Vereins Gesellschaft f\u00fcr biologische Krebsabwehr<\/li>\n<li><strong>Festlich, k\u00f6stlich, immunaktiv,<\/strong> Momentum 10\/2021, Zeitschrift des gemeinn\u00fctzigen Vereins Gesellschaft f\u00fcr biologische Krebsabwehr<\/li>\n<li><strong>Revitalisieren bei Long-Covid<\/strong>, CoMed 9\/2021<\/li>\n<li><strong>Long-Covid Verlauf komplement\u00e4r k\u00fcrzen<\/strong>, Naturheilpraxis 7\/2021<\/li>\n<li><strong>Lebensfeuer statt Ausgebrannt sein<\/strong>, Naturheilpraxis 3\/2021<\/li>\n<li><strong>Sommer, Sonne, Powerpicknick<\/strong>, Momentum 2\/2020, Zeitschrift des gemeinn\u00fctzigen Vereins Gesellschaft f\u00fcr biologische Krebsabwehr<\/li>\n<li><strong>Reizmagen &#8211; Harmonisieren statt Blockieren<\/strong>, Naturheilpraxis 3\/2020<\/li>\n<li><strong>Prostata und Porsche &#8211; Medizintipps wie Mann nicht nur den Porsche, sondern auch die Prostata tunen kann<\/strong> (zusammen mit Ludwig Jacob), Krebs: gemeinsam sind wir stark &#8211; Mutmachbuch 3. Band &#8211; \u00c4rzte und Therapeuten berichten (Hrsg. Christel Schoen), 11\/2019<\/li>\n<li><strong>Tiergest\u00fctzte Therapie: Auf den Hund gekommen &#8211; ein Co-Therapeut auf vier Pfoten<\/strong>, Krebs: gemeinsam sind wir stark &#8211; Mutmachbuch 3. Band &#8211; \u00c4rzte und Therapeuten berichten (Hrsg. Christel Schoen), 11\/2019<\/li>\n<li><strong>Krebsdi\u00e4t und Superfood &#8211; eine ganzheitsmedizinische Genussreise &#8211; von Ern\u00e4hrungsweisheit zu Ern\u00e4hrungswissenschaft<\/strong>, Krebs: gemeinsam sind wir stark &#8211; Mutmachbuch 3. Band &#8211; \u00c4rzte und Therapeuten berichten (Hrsg. Christel Schoen), 11\/2019<\/li>\n<li><strong>&#8222;Die Akupunktur (Lehrbuch, Bildatlas, Repetitorium)&#8220;<\/strong>, 1. Auflage 2003, 2. \u00fcberarbeitete Auflage 2009, 3. Auflage 2019, KVM-Verlag<\/li>\n<li><strong>E-Doc oder Echt-Doc<\/strong>, momentum, 4\/2019<\/li>\n<li><strong>Ern\u00e4hrung bei Gewichtsverlust &#8211; Vitalit\u00e4t st\u00e4rken mit Genuss<\/strong>, Deutsche Zeitschrift f\u00fcr Onkologie (Nicole Weis und Susanne Bihlmaier), 51\/2019<\/li>\n<li><strong>Notfallapotheke aus und in der Natur <\/strong>(zusammen mit Armin Bihlmaier, H\u00e4decke-Verlag, 1. Auflage 2019<\/li>\n<li><strong>Wildkr\u00e4uter-Immunkraft im Wonnemonat Mai<\/strong>, momentum, 2\/2019<\/li>\n<li><strong>Gr\u00fcne Immunkraft des Fr\u00fchlings<\/strong> (zusammen mit Armin Bihlmaier), momentum, 1\/2019<\/li>\n<li><strong>Gr\u00fcnkraftpfade<\/strong>, Naturarzt \/ DNB impulse, 1\/2019<\/li>\n<li><strong>Silent night ohne silent inflammation<\/strong>, Naturmedizin, 12\/2018<\/li>\n<li><strong>Neue tiergest\u00fctzte Therapie<\/strong>, Naturheilpraxis, 9\/2018<\/li>\n<li><a href=\"https:\/\/haedecke-shop.de\/products\/tomatenrot-und-drachengruen\">Tomatenrot und Drachengr\u00fcn<\/a>, <strong>1. Auflage\u00a02012, 6. Auflage\u00a02018, H\u00e4decke-Verlag <\/strong><\/li>\n<li><strong>Mit K\u00f6stlichem den Winterblues erhellen<\/strong>, Zeitschrift des Deutschen Naturheilbundes: &#8222;Impulse&#8220;, 12\/2017<\/li>\n<li><strong>Einheimische Superfoods sind besser<\/strong>, DZO Deutsche Zeitschrift f\u00fcr Onkologie, 49\/2017<\/li>\n<li><strong>Westliche Ern\u00e4hrungswissenschaft best\u00e4tigt \u00f6stliche Ern\u00e4hrungsweisheit<\/strong>, Zeitschrift f\u00fcr Akupunktur und Auriculotherapie, 2\/2017<\/li>\n<li><strong>Fr\u00fchlingsgenuss statt Di\u00e4tenverdruss<\/strong>,\u00a0Zeitschrift des Deutschen Naturheilbundes: &#8222;Impulse&#8220;, 2\/2017<\/li>\n<li><strong>Coach auf 4 Pfoten<\/strong>,\u00a0Zeitschrift der Gesellschaft f\u00fcr biologische Krebsabwehr: &#8222;Momentum&#8220;, 2\/2017<\/li>\n<li><strong>Vitalisierende Naturkraft bei Krebs<\/strong>,\u00a0 OM Orthomolekulare Medizin, 8\/2016<\/li>\n<li><strong>Baumwipfel und B\u00fcffet zum Auftanken<\/strong>, &#8222;Mamma MIA!&#8220;, das Brustkrebsmagazin, 1\/2015<\/li>\n<li><strong>Medizinalpilze komplement\u00e4r bei gyn\u00e4kologischen Tumoren<\/strong>, Deutsche Zeitschrift f\u00fcr Onkologie (DZO), 3\/2014<\/li>\n<li><strong>Leckeres Gesundheitsaktiv schlemmen<\/strong>, &#8222;Mamma MIA!&#8220;, das Brustkrebsmagazin, 1\/2014<\/li>\n<li><strong>Frohe Adventszeit mit gesunden S\u00fc\u00dfigkeiten<\/strong>, <a href=\"http:\/\/www.netzwerk-frauengesundheit.com\" target=\"_blank\" rel=\"noopener noreferrer\">www.netzwerk-frauengesundheit.com<\/a>, 12\/2013<\/li>\n<li><strong>Keine Angst vor Hitzewallungen in den Wechseljahren<\/strong>, <a href=\"https:\/\/www.netzwerk-frauengesundheit.com\/keine-angst-vor-hitzewallungen-in-den-wechseljahren\/\" target=\"_blank\" rel=\"noopener noreferrer\">www.netzwerk-frauengesundheit.com<\/a>, 7\/2013<\/li>\n<li><strong>Die Prostata mag\u2019s Ferrari-rot<\/strong>, Lebensweise, Magazin f\u00fcr gesunden Lebensstil und ganzheitliche Medizin, 5\/2013<\/li>\n<li><strong>Brust mag Bohnen<\/strong>, Lebensweise, Magazin f\u00fcr gesunden Lebensstil und ganzheitliche Medizin, 5\/2013<\/li>\n<li><strong>Patientenkompetenz f\u00f6rdern<\/strong>, Co-Autorin, Deutsche Zeitschrift f\u00fcr Onkologie, 3\/2013<\/li>\n<li><strong>Tumorschmerz ganzheitlich behandeln<\/strong>, Zeitschrift der Gesellschaft f\u00fcr biologische Krebsabwehr: Signal, 1\/2013<\/li>\n<li><strong>Ern\u00e4hrung sollte passen wie ein guter Anzug<\/strong>, Deutsche Zeitschrift f\u00fcr Onkologie, 1\/2013<\/li>\n<li><strong>Ern\u00e4hrung steht an erster Stelle<\/strong>, Lebensweise, Magazin f\u00fcr gesunden Lebensstil und ganzheitliche Medizin, 11\/2012<\/li>\n<li><strong>Kneipp und Kaiser von China<\/strong>, Kneipp Journal aktiv&amp;gesund, 11\/2012<\/li>\n<li><strong>Ern\u00e4hrung bei Arthritis und Arthrose<\/strong>, <a href=\"http:\/\/www.netzwerk-frauengesundheit.com\">www.netzwerk-frauengesundheit.com<\/a>, 10\/2012<\/li>\n<li><a href=\"https:\/\/haedecke-shop.de\/products\/tomatenrot-und-drachengruen\"><strong>Tomatenrot und Drachengr\u00fcn<\/strong><\/a>, 1. Auflage 2012, H\u00e4decke-Verlag<\/li>\n<li><strong>Die Akupunktur (Lehrbuch, Bildatlas, Repetitorium)<\/strong>, 2. \u00fcberarbeitete Auflage 2009, KVM-Verlag<\/li>\n<li><strong>TCM-Komplement\u00e4rkraft aus dem Reich der Mitte<\/strong>, DCCV-Journal Bauchredner, 4\/2009<\/li>\n<li><strong>Mit Freuden essen: k\u00f6stlich, fix, immunaktiv<\/strong>, Deutsche Heilpraktiker Zeitschrift (DZH), 5\/2007<\/li>\n<li><strong>Harmonie ist das Ziel<\/strong>, Onkologische Patientenzeitschrift &#8222;Signal&#8220;, 2\/2004<\/li>\n<li><strong>Die Akupunktur (Lehrbuch, Bildatlas, Repetitorium)&#8220;<\/strong>, 1. Auflage 2003, Springer Verlag<\/li>\n<li><strong>Gemeinsam st\u00e4rker &#8211; Erfahrungsheilkunde unterst\u00fctzt die &#8218;Schulmedizin&#8216;<\/strong> , Signal 4\/2002<\/li>\n<li><strong>Patientengerechte Integration der Erfahrungsheilkunde in der Tumortherapie<\/strong>, Erfahrungsheilkunde 4\/2002<\/li>\n<li><strong>Psychosomatik in der Chinesischen Medizin<\/strong>, Erfahrungsheilkunde 9\/2001<\/li>\n<li><strong>Chinesische Phytotherapie bei Krebs<\/strong>, Erfahrungsheilkunde 6\/2001<\/li>\n<li><strong>Indikationen und Studiendesign zur Akupunkturforschung in Gyn\u00e4kologie und Geburtshilfe<\/strong>, in: Akupunktur in Geburtshilfe und Frauenheilkunde, 2.Internationales Symposium, Hippokrates Verlag 2000<\/li>\n<li><strong>Akupunkturad\u00e4quates Studiendesign<\/strong> in: Die schmerzende Wirbels\u00e4ule, 3. Mainzer Akupunktursymposium, Hippokrates Verlag 1999<\/li>\n<\/ul>\n\n\n<p>&nbsp;<\/p>\n","protected":false},"excerpt":{"rendered":"<p>Dank meines Staatsexamens in Krankenpflege konnte ich mein Medizinstudium in Heidelberg mit Nachtwachen finanzieren. Als examinierte Pflegefachkraft wurde ich oft auf der Krebsstation eingesetzt, wo ich ausgerechnet an Silvester ein&hellip;<\/p>\n","protected":false},"author":1,"featured_media":0,"parent":0,"menu_order":0,"comment_status":"closed","ping_status":"closed","template":"","meta":{"footnotes":""},"_links":{"self":[{"href":"https:\/\/bihlmaier-tcm.de\/index.php?rest_route=\/wp\/v2\/pages\/35"}],"collection":[{"href":"https:\/\/bihlmaier-tcm.de\/index.php?rest_route=\/wp\/v2\/pages"}],"about":[{"href":"https:\/\/bihlmaier-tcm.de\/index.php?rest_route=\/wp\/v2\/types\/page"}],"author":[{"embeddable":true,"href":"https:\/\/bihlmaier-tcm.de\/index.php?rest_route=\/wp\/v2\/users\/1"}],"replies":[{"embeddable":true,"href":"https:\/\/bihlmaier-tcm.de\/index.php?rest_route=%2Fwp%2Fv2%2Fcomments&post=35"}],"version-history":[{"count":43,"href":"https:\/\/bihlmaier-tcm.de\/index.php?rest_route=\/wp\/v2\/pages\/35\/revisions"}],"predecessor-version":[{"id":551,"href":"https:\/\/bihlmaier-tcm.de\/index.php?rest_route=\/wp\/v2\/pages\/35\/revisions\/551"}],"wp:attachment":[{"href":"https:\/\/bihlmaier-tcm.de\/index.php?rest_route=%2Fwp%2Fv2%2Fmedia&parent=35"}],"curies":[{"name":"wp","href":"https:\/\/api.w.org\/{rel}","templated":true}]}}