{"id":38,"date":"2018-11-13T12:28:32","date_gmt":"2018-11-13T12:28:32","guid":{"rendered":"http:\/\/bihlmaier-tcm.de.w01aca8c.kasserver.com\/?page_id=38"},"modified":"2025-12-14T09:48:36","modified_gmt":"2025-12-14T09:48:36","slug":"organisation-service","status":"publish","type":"page","link":"https:\/\/bihlmaier-tcm.de\/?page_id=38","title":{"rendered":"Organisation &#038; Service"},"content":{"rendered":"\n<figure class=\"wp-block-image size-large is-resized\"><img loading=\"lazy\" decoding=\"async\" width=\"768\" height=\"1024\" src=\"https:\/\/bihlmaier-tcm.de\/wp-content\/uploads\/2025\/08\/IMG_3048-768x1024.jpg\" alt=\"\" class=\"wp-image-556\" style=\"width:263px;height:auto\" srcset=\"https:\/\/bihlmaier-tcm.de\/wp-content\/uploads\/2025\/08\/IMG_3048-768x1024.jpg 768w, https:\/\/bihlmaier-tcm.de\/wp-content\/uploads\/2025\/08\/IMG_3048-225x300.jpg 225w, https:\/\/bihlmaier-tcm.de\/wp-content\/uploads\/2025\/08\/IMG_3048-1152x1536.jpg 1152w, https:\/\/bihlmaier-tcm.de\/wp-content\/uploads\/2025\/08\/IMG_3048-1536x2048.jpg 1536w, https:\/\/bihlmaier-tcm.de\/wp-content\/uploads\/2025\/08\/IMG_3048-scaled.jpg 1920w\" sizes=\"(max-width: 768px) 100vw, 768px\" \/><\/figure>\n\n\n\n<h1 class=\"wp-block-heading\">Spezieller Praxisservice: kostenloses, unverbindliches Informationsgespr\u00e4ch<\/h1>\n\n\n\n<p>F\u00fcr ernsthaft Interessierte biete ich ein kostenloses, unverbindliches Vor-Gespr\u00e4ch an von ca. 30 Minuten. Hier k\u00f6nnen Sie Ihr gesundheitliches Anliegen kurz umrei\u00dfen und ich kann Stellung beziehen und informieren, <em>ob<\/em>, und <em>wenn ja<\/em>, <em>wie ich helfen k\u00f6nnte<\/em>. Damit erhalten Sie eine \u00dcbersicht \u00fcber die therapeutischen M\u00f6glichkeiten und die Kosten. Mit diesen Informationen d\u00fcrfen Sie es sich in aller Ruhe \u00fcberlegen, ob das so f\u00fcr Sie passt.<\/p>\n\n\n\n<h1 class=\"wp-block-heading\">Sprechzeiten und Terminvereinbarung<\/h1>\n\n\n\n<p>Damit Sie f\u00fcr die ganzheitliche Behandlung und Ihre Fragen gen\u00fcgend Raum in Ihrem Tagesablauf finden, biete ich Sprechzeiten bis sp\u00e4t abends.<\/p>\n\n\n\n<p>Meine Minuten-p\u00fcnktliche Termine bieten Ruhe und Entspannung. Bitte kommen auch Sie p\u00fcnktlich, da Versp\u00e4tungen aufgrund der neuen Praxis-Organisation leider von Ihrem Termin abgehen.<\/p>\n\n\n\n<p>Die Praxis erreichen Sie \u00fcber den Anrufbeantworter. Wenn Sie Ihren <strong>Namen und Ihre Telefonnummer langsam, laut und deutlich aufs Band sprechen, <\/strong>werden Sie innerhalb von 3 Werktagen zur\u00fcckgerufen. Sollte kein R\u00fcckruf erfolgen, so war irgendetwas nicht verst\u00e4ndlich, dann rufen Sie gerne nochmals an.<\/p>\n\n\n\n<p><strong>Bitte beachten Sie:<\/strong><br>Terminvergabe \/ Antworten auf Fragen direkt pers\u00f6nlich oder telefonisch, <strong>nicht per E-Mail<\/strong>.<\/p>\n\n\n\n<h1 class=\"wp-block-heading\">Wie sie die Praxis finden k\u00f6nnen<\/h1>\n\n\n\n<p>Praxis Dr. med. Susanne Bihlmaier<br>Wilhelmstra\u00dfe 105<br>72070 T\u00fcbingen<br>Telefon: (07071) 55 07 59<\/p>\n\n\n\n<p>Parkpl\u00e4tze finden sich meist direkt in der Wilhelmstra\u00dfe 105.<br>Nur wenige Meter entfernt gibt es zwei Bus-Haltestellen, die von mehreren Buslinien angefahren werden.<\/p>\n\n\n\n<p>Die Praxis hat keine eigene T\u00fcrklingel. Bitte dr\u00fccken Sie einfach die Haust\u00fcre auf und nehmen Sie Platz im Wartebereich, Sie werden von mir in den Praxisraum geholt, sobald dieser frei ist.<\/p>\n\n\n\n<figure class=\"wp-block-image size-large is-resized\"><img loading=\"lazy\" decoding=\"async\" width=\"1024\" height=\"768\" src=\"https:\/\/bihlmaier-tcm.de\/wp-content\/uploads\/2025\/08\/IMG_4992-1024x768.jpg\" alt=\"\" class=\"wp-image-557\" style=\"width:296px;height:auto\" srcset=\"https:\/\/bihlmaier-tcm.de\/wp-content\/uploads\/2025\/08\/IMG_4992-1024x768.jpg 1024w, https:\/\/bihlmaier-tcm.de\/wp-content\/uploads\/2025\/08\/IMG_4992-300x225.jpg 300w, https:\/\/bihlmaier-tcm.de\/wp-content\/uploads\/2025\/08\/IMG_4992-768x576.jpg 768w, https:\/\/bihlmaier-tcm.de\/wp-content\/uploads\/2025\/08\/IMG_4992-1536x1152.jpg 1536w, https:\/\/bihlmaier-tcm.de\/wp-content\/uploads\/2025\/08\/IMG_4992-2048x1536.jpg 2048w\" sizes=\"(max-width: 1024px) 100vw, 1024px\" \/><\/figure>\n\n\n\n<h1 class=\"wp-block-heading\">Honorierung<\/h1>\n\n\n\n<p>Die verst\u00e4ndlich und transparent erstellte Rechnung nach GO\u00c4 (Geb\u00fchrenordnung f\u00fcr \u00c4rzte) erhalten Sie direkt am Anschluss an jede Behandlung. Sie k\u00f6nnen mit EC Karte direkt und bequem begleichen. Das erspart beiden Seiten Zeit und Geld, was Ihrer Behandlung zu Gute kommt.<\/p>\n\n\n\n<h1 class=\"wp-block-heading\">Qualit\u00e4tssicherung in dieser Praxis<\/h1>\n\n\n\n<p>Eine \u00dcbersicht \u00fcber meine aktuelle Weiterbildungen finden Sie <a href=\"https:\/\/bihlmaier-tcm.de\/?page_id=35\">hier<\/a>.<\/p>\n\n\n\n<p><\/p>\n","protected":false},"excerpt":{"rendered":"<p>Spezieller Praxisservice: kostenloses, unverbindliches Informationsgespr\u00e4ch F\u00fcr ernsthaft Interessierte biete ich ein kostenloses, unverbindliches Vor-Gespr\u00e4ch an von ca. 30 Minuten. Hier k\u00f6nnen Sie Ihr gesundheitliches Anliegen kurz umrei\u00dfen und ich kann&hellip;<\/p>\n","protected":false},"author":1,"featured_media":0,"parent":0,"menu_order":0,"comment_status":"closed","ping_status":"closed","template":"","meta":{"footnotes":""},"_links":{"self":[{"href":"https:\/\/bihlmaier-tcm.de\/index.php?rest_route=\/wp\/v2\/pages\/38"}],"collection":[{"href":"https:\/\/bihlmaier-tcm.de\/index.php?rest_route=\/wp\/v2\/pages"}],"about":[{"href":"https:\/\/bihlmaier-tcm.de\/index.php?rest_route=\/wp\/v2\/types\/page"}],"author":[{"embeddable":true,"href":"https:\/\/bihlmaier-tcm.de\/index.php?rest_route=\/wp\/v2\/users\/1"}],"replies":[{"embeddable":true,"href":"https:\/\/bihlmaier-tcm.de\/index.php?rest_route=%2Fwp%2Fv2%2Fcomments&post=38"}],"version-history":[{"count":11,"href":"https:\/\/bihlmaier-tcm.de\/index.php?rest_route=\/wp\/v2\/pages\/38\/revisions"}],"predecessor-version":[{"id":633,"href":"https:\/\/bihlmaier-tcm.de\/index.php?rest_route=\/wp\/v2\/pages\/38\/revisions\/633"}],"wp:attachment":[{"href":"https:\/\/bihlmaier-tcm.de\/index.php?rest_route=%2Fwp%2Fv2%2Fmedia&parent=38"}],"curies":[{"name":"wp","href":"https:\/\/api.w.org\/{rel}","templated":true}]}}